{"id":282657,"date":"2025-03-03T12:54:49","date_gmt":"2025-03-03T12:54:49","guid":{"rendered":"https:\/\/www.grenasrl.com\/typ\/"},"modified":"2025-03-13T11:18:59","modified_gmt":"2025-03-13T11:18:59","slug":"typ","status":"publish","type":"page","link":"https:\/\/www.grenasrl.com\/en\/typ\/","title":{"rendered":"typ"},"content":{"rendered":"<p>[et_pb_section fb_built=&#8221;1&#8243; theme_builder_area=&#8221;post_content&#8221; _builder_version=&#8221;4.27.4&#8243; _module_preset=&#8221;default&#8221;][et_pb_row _builder_version=&#8221;4.27.4&#8243; _module_preset=&#8221;default&#8221; theme_builder_area=&#8221;post_content&#8221;][et_pb_column _builder_version=&#8221;4.27.4&#8243; _module_preset=&#8221;default&#8221; type=&#8221;4_4&#8243; theme_builder_area=&#8221;post_content&#8221;][et_pb_heading title=&#8221;Grazie per averci contattato!&#8221; _builder_version=&#8221;4.27.4&#8243; _module_preset=&#8221;default&#8221; theme_builder_area=&#8221;post_content&#8221; title_level=&#8221;h2&#8243; hover_enabled=&#8221;0&#8243; sticky_enabled=&#8221;0&#8243;][\/et_pb_heading][et_pb_text _builder_version=&#8221;4.27.4&#8243; _module_preset=&#8221;default&#8221; theme_builder_area=&#8221;post_content&#8221; hover_enabled=&#8221;0&#8243; sticky_enabled=&#8221;0&#8243;]<\/p>\n<p>Abbiamo ricevuto la tua richiesta e il nostro team ti risponder\u00e0 al pi\u00f9 presto.<\/p>\n<p><strong>Cosa succede ora?<\/strong><\/p>\n<ul>\n<li>Uno dei nostri esperti analizzer\u00e0 la tua richiesta.<\/li>\n<li>Ti contatteremo entro breve per fornirti le informazioni necessarie.<\/li>\n<\/ul>\n<p>Nel frattempo, scopri di pi\u00f9 sui nostri servizi di assistenza e manutenzione interruttori MT-BT.<\/p>\n<p>[\/et_pb_text][et_pb_button button_text=&#8221;I nostri servizi&#8221; _builder_version=&#8221;4.27.4&#8243; _module_preset=&#8221;default&#8221; theme_builder_area=&#8221;post_content&#8221; button_url=&#8221;@ET-DC@eyJkeW5hbWljIjp0cnVlLCJjb250ZW50IjoicG9zdF9saW5rX3VybF9wYWdlIiwic2V0dGluZ3MiOnsicG9zdF9pZCI6IjIxIn19@&#8221; _dynamic_attributes=&#8221;button_url&#8221; hover_enabled=&#8221;0&#8243; sticky_enabled=&#8221;0&#8243;][\/et_pb_button][\/et_pb_column][\/et_pb_row][\/et_pb_section]<\/p>\n","protected":false},"excerpt":{"rendered":"<p>Abbiamo ricevuto la tua richiesta e il nostro team ti risponder\u00e0 al pi\u00f9 presto. Cosa succede ora? Uno dei nostri esperti analizzer\u00e0 la tua richiesta. Ti contatteremo entro breve per fornirti le informazioni necessarie. Nel frattempo, scopri di pi\u00f9 sui nostri servizi di assistenza e manutenzione interruttori MT-BT.<\/p>\n","protected":false},"author":1,"featured_media":0,"parent":0,"menu_order":0,"comment_status":"closed","ping_status":"closed","template":"","meta":{"_acf_changed":false,"_et_pb_use_builder":"on","_et_pb_old_content":"","_et_gb_content_width":"","footnotes":""},"class_list":["post-282657","page","type-page","status-publish","hentry"],"acf":[],"_links":{"self":[{"href":"https:\/\/www.grenasrl.com\/en\/wp-json\/wp\/v2\/pages\/282657","targetHints":{"allow":["GET"]}}],"collection":[{"href":"https:\/\/www.grenasrl.com\/en\/wp-json\/wp\/v2\/pages"}],"about":[{"href":"https:\/\/www.grenasrl.com\/en\/wp-json\/wp\/v2\/types\/page"}],"author":[{"embeddable":true,"href":"https:\/\/www.grenasrl.com\/en\/wp-json\/wp\/v2\/users\/1"}],"replies":[{"embeddable":true,"href":"https:\/\/www.grenasrl.com\/en\/wp-json\/wp\/v2\/comments?post=282657"}],"version-history":[{"count":0,"href":"https:\/\/www.grenasrl.com\/en\/wp-json\/wp\/v2\/pages\/282657\/revisions"}],"wp:attachment":[{"href":"https:\/\/www.grenasrl.com\/en\/wp-json\/wp\/v2\/media?parent=282657"}],"curies":[{"name":"wp","href":"https:\/\/api.w.org\/{rel}","templated":true}]}}